{"id":85,"date":"2019-08-28T19:40:49","date_gmt":"2019-08-28T19:40:49","guid":{"rendered":"https:\/\/c1520456.ferozo.com\/bariloche\/?post_type=product&#038;p=85"},"modified":"2020-03-31T00:10:46","modified_gmt":"2020-03-31T00:10:46","slug":"cabezal-termostatico-para-radiadores-luxor","status":"publish","type":"product","link":"http:\/\/exesscalefaccion.com.ar\/bariloche\/producto\/cabezal-termostatico-para-radiadores-luxor\/","title":{"rendered":"Cabezal Termostatico Para Radiadores Luxor"},"content":{"rendered":"<?xml encoding=\"utf8\" ?><p>Cabezal Termost\u00e1tico para Radiador Thermo Tekna de Luxor Italia<\/p>\n<p>CARACTER\u00cdSTICAS TECNICAS<br \/>\nPresi\u00f3n m\u00e1xima de trabajo 10 bar<br \/>\nPresi\u00f3n m\u00e1xima diferencial 1 bar<br \/>\nTemperatura m\u00e1xima de trabajo 120 \u00b0C<\/p>\n<p>Producto dise\u00f1ado para ser utilizado con v\u00e1lvulas termostatizables RD2505\/RD2506\/RD2508\/RD2509<\/p>\n","protected":false},"excerpt":{"rendered":"<p>Cabezal Termost\u00e1tico para Radiador Thermo Tekna de Luxor Italia CARACTER\u00cdSTICAS TECNICAS Presi\u00f3n m\u00e1xima de trabajo 10 bar Presi\u00f3n m\u00e1xima diferencial 1 bar Temperatura m\u00e1xima de trabajo 120 \u00b0C Producto dise\u00f1ado para ser utilizado con v\u00e1lvulas termostatizables RD2505\/RD2506\/RD2508\/RD2509<\/p>\n","protected":false},"featured_media":86,"template":"","meta":[],"product_cat":[20],"product_tag":[],"class_list":{"0":"post-85","1":"product","2":"type-product","3":"status-publish","4":"has-post-thumbnail","6":"product_brand-luxor","7":"product_cat-componentes","8":"description-off","10":"first","11":"instock","12":"shipping-taxable","13":"purchasable","14":"product-type-simple"},"_links":{"self":[{"href":"http:\/\/exesscalefaccion.com.ar\/bariloche\/wp-json\/wp\/v2\/product\/85","targetHints":{"allow":["GET"]}}],"collection":[{"href":"http:\/\/exesscalefaccion.com.ar\/bariloche\/wp-json\/wp\/v2\/product"}],"about":[{"href":"http:\/\/exesscalefaccion.com.ar\/bariloche\/wp-json\/wp\/v2\/types\/product"}],"wp:featuredmedia":[{"embeddable":true,"href":"http:\/\/exesscalefaccion.com.ar\/bariloche\/wp-json\/wp\/v2\/media\/86"}],"wp:attachment":[{"href":"http:\/\/exesscalefaccion.com.ar\/bariloche\/wp-json\/wp\/v2\/media?parent=85"}],"wp:term":[{"taxonomy":"product_cat","embeddable":true,"href":"http:\/\/exesscalefaccion.com.ar\/bariloche\/wp-json\/wp\/v2\/product_cat?post=85"},{"taxonomy":"product_tag","embeddable":true,"href":"http:\/\/exesscalefaccion.com.ar\/bariloche\/wp-json\/wp\/v2\/product_tag?post=85"}],"curies":[{"name":"wp","href":"https:\/\/api.w.org\/{rel}","templated":true}]}}