{"id":81,"date":"2019-08-28T19:34:46","date_gmt":"2019-08-28T19:34:46","guid":{"rendered":"https:\/\/c1520456.ferozo.com\/bariloche\/?post_type=product&#038;p=81"},"modified":"2020-03-31T00:18:57","modified_gmt":"2020-03-31T00:18:57","slug":"caldera-ferroli-arena-hf-32-kw-italiana","status":"publish","type":"product","link":"http:\/\/exesscalefaccion.com.ar\/bariloche\/producto\/caldera-ferroli-arena-hf-32-kw-italiana\/","title":{"rendered":"Caldera Ferroli Arena Hf 32 Kw Italiana"},"content":{"rendered":"<?xml encoding=\"utf8\" ?><p>Caracter\u00edsticas:<br \/>\n&#8211; Caldera mural compacta para calefacci\u00f3n.<br \/>\n&#8211; Intercambiador primario en cobre, protegido con ba\u00f1o de aluminio para CC.<br \/>\n&#8211; Gesti\u00f3n electr\u00f3nica incorporada de un posible acumulador de ACS externo, alimentado por la v\u00e1lvula de derivaci\u00f3n disponible de serie.<br \/>\n&#8211; Opcionalmente se puede conectar a un programador por control remoto.<br \/>\n&#8211; Panel digital de pantalla gr\u00e1fica retroiluminada completa e intuitiva para una f\u00e1cil y correcta programaci\u00f3n de los par\u00e1metros.<br \/>\n&#8211; Funci\u00f3n anti-congelamiento, con suministro de gas y electricidad.<br \/>\n&#8211; Programa anti-agarrotamiento temporizado para la bomba y la v\u00e1lvula de derivaci\u00f3n.<br \/>\n&#8211; Derivaci\u00f3n autom\u00e1tica de serie.<br \/>\n&#8211; Colector del condensado para el presostato del aire.<br \/>\n&#8211; \u00cdndice de protecci\u00f3n IPX5D, que significa una protecci\u00f3n excelente del equipo.<br \/>\n&#8211; Dimensiones compactas.<\/p>\n<p>Caracter\u00edsticas t\u00e9cnicas:<br \/>\n&#8211; Potencia t\u00e9rmica calefacci\u00f3n: M\u00e1x: 34,4 Kw (29.600 Kcal\/h) &#8211; Min: 11,5 Kw (9.900 Kcal\/h)<br \/>\n&#8211; Rendimiento Pm\u00e1x (80-60\u00b0C): 93.0%<br \/>\n&#8211; Temperatura m\u00e1x. agua calefacci\u00f3n: 90\u00b0C<br \/>\n&#8211; Peso sin carga: 31Kg.<\/p>\n","protected":false},"excerpt":{"rendered":"<p>Caracter\u00edsticas: &#8211; Caldera mural compacta para calefacci\u00f3n. &#8211; Intercambiador primario en cobre, protegido con ba\u00f1o de aluminio para CC. &#8211; Gesti\u00f3n electr\u00f3nica incorporada de un posible acumulador de ACS externo, alimentado por la v\u00e1lvula de derivaci\u00f3n disponible de serie. &#8211; Opcionalmente se puede conectar a un programador por control remoto. &#8211; Panel digital de pantalla&hellip;<\/p>\n","protected":false},"featured_media":78,"template":"","meta":[],"product_cat":[17],"product_tag":[],"class_list":{"0":"post-81","1":"product","2":"type-product","3":"status-publish","4":"has-post-thumbnail","6":"product_brand-ferroli","7":"product_cat-calderas","8":"description-off","10":"first","11":"instock","12":"shipping-taxable","13":"purchasable","14":"product-type-simple"},"_links":{"self":[{"href":"http:\/\/exesscalefaccion.com.ar\/bariloche\/wp-json\/wp\/v2\/product\/81","targetHints":{"allow":["GET"]}}],"collection":[{"href":"http:\/\/exesscalefaccion.com.ar\/bariloche\/wp-json\/wp\/v2\/product"}],"about":[{"href":"http:\/\/exesscalefaccion.com.ar\/bariloche\/wp-json\/wp\/v2\/types\/product"}],"wp:featuredmedia":[{"embeddable":true,"href":"http:\/\/exesscalefaccion.com.ar\/bariloche\/wp-json\/wp\/v2\/media\/78"}],"wp:attachment":[{"href":"http:\/\/exesscalefaccion.com.ar\/bariloche\/wp-json\/wp\/v2\/media?parent=81"}],"wp:term":[{"taxonomy":"product_cat","embeddable":true,"href":"http:\/\/exesscalefaccion.com.ar\/bariloche\/wp-json\/wp\/v2\/product_cat?post=81"},{"taxonomy":"product_tag","embeddable":true,"href":"http:\/\/exesscalefaccion.com.ar\/bariloche\/wp-json\/wp\/v2\/product_tag?post=81"}],"curies":[{"name":"wp","href":"https:\/\/api.w.org\/{rel}","templated":true}]}}