{"id":77,"date":"2019-08-28T19:30:14","date_gmt":"2019-08-28T19:30:14","guid":{"rendered":"https:\/\/c1520456.ferozo.com\/bariloche\/?post_type=product&#038;p=77"},"modified":"2020-03-30T22:30:49","modified_gmt":"2020-03-30T22:30:49","slug":"caldera-mural-ferroli-domina-f24-dual-balanceado-forzado","status":"publish","type":"product","link":"http:\/\/exesscalefaccion.com.ar\/bariloche\/producto\/caldera-mural-ferroli-domina-f24-dual-balanceado-forzado\/","title":{"rendered":"Caldera Mural Ferroli Domina F24 Dual Balanceado Forzado"},"content":{"rendered":"<?xml encoding=\"utf8\" ?><p>Caldera mural para calefacci\u00f3n central y producci\u00f3n de agua caliente sanitaria instant\u00e1nea.<br \/>\nPotencia: M\u00e1x: 24 Kw (20.600 Kcal\/h) ; M\u00edn: 7,2 Kw (6.200 Kcal\/h)<\/p>\n<p>Este equipo ofrece al usuario dimensiones compactas, construcci\u00f3n robusta y funcionamiento sencillo. Una elecci\u00f3n perfecta de calor y confort para el hogar.<\/p>\n<p>Caracteristicas:<br \/>\n&#8211; Intercambiador bit\u00e9rmico en cobre.<br \/>\n&#8211; Panel de control combinado: mandos, botones, LEDs para un manejo r\u00e1pido y f\u00e1cil funcionamiento de la caldera.<br \/>\n&#8211; Bomba de 3 velocidades con funci\u00f3n anti-agarrotamiento, se activa durante unos segundos cuando lleva 24 horas inactiva.<br \/>\n&#8211; By-pass hidr\u00e1ulico de serie.<br \/>\n&#8211; Quemador atmosf\u00e9rico en acero inoxidable AISI 304.<br \/>\n&#8211; Alto rendimiento, 3 estrellas seg\u00fan EN 92\/42.<br \/>\n&#8211; Regulaci\u00f3n del funcionamiento, tanto en el modo calefacci\u00f3n como producci\u00f3n de ACS.<br \/>\n&#8211; Se puede combinar con control remoto modulante.<br \/>\n&#8211; Modo ECO \/ CONFORT: la elecci\u00f3n del modo de confort mantiene el intercambiador templado, reduciendo<br \/>\ndr\u00e1sticamente el tiempo de espera de suministro de ACS.<br \/>\n&#8211; Colector de condensado para presostato del aire.<br \/>\n&#8211; Dimensiones compactas que permiten instalaci\u00f3n en espacios reducidos.<br \/>\n&#8211; \u00cdndice de protecci\u00f3n IPX5D que proporciona una excelente protecci\u00f3n el\u00e9ctrica del equipo.<br \/>\n&#8211; Gestiona de manera inteligente y complementa el ACS precalentada de fuentes externas (por ejemplo, solar t\u00e9rmica).<\/p>\n<p>Caracteristicas T\u00e9cnicas:<br \/>\n&#8211; Capacidad t\u00e9rmica calefacci\u00f3n: M\u00e1x: 25.8 Kw &#8211; Min: 8.3 Kw.<br \/>\n&#8211; Capacidad t\u00e9rmica producci\u00f3n ACS: M\u00e1x: 25.8 Kw &#8211; Min: 8.3Kw.<br \/>\n&#8211; Rendimiento Pm\u00e1x (80-60\u00b0C) 93.1%<br \/>\n&#8211; Temperatura m\u00e1x. calefacci\u00f3n: 90\u00b0C<br \/>\n&#8211; Caudal ACS: t25\u00b0C: 18.3 I\/min. t30\u00b0C: 15.2 I\/min.<br \/>\n&#8211; Peso en vac\u00edo: 35 Kg.<\/p>\n","protected":false},"excerpt":{"rendered":"<p>Caldera mural para calefacci\u00f3n central y producci\u00f3n de agua caliente sanitaria instant\u00e1nea. Potencia: M\u00e1x: 24 Kw (20.600 Kcal\/h) ; M\u00edn: 7,2 Kw (6.200 Kcal\/h) Este equipo ofrece al usuario dimensiones compactas, construcci\u00f3n robusta y funcionamiento sencillo. Una elecci\u00f3n perfecta de calor y confort para el hogar. Caracteristicas: &#8211; Intercambiador bit\u00e9rmico en cobre. &#8211; Panel de&hellip;<\/p>\n","protected":false},"featured_media":82,"template":"","meta":[],"product_cat":[17],"product_tag":[],"class_list":{"0":"post-77","1":"product","2":"type-product","3":"status-publish","4":"has-post-thumbnail","6":"product_brand-ferroli","7":"product_cat-calderas","8":"description-off","10":"first","11":"instock","12":"shipping-taxable","13":"purchasable","14":"product-type-simple"},"_links":{"self":[{"href":"http:\/\/exesscalefaccion.com.ar\/bariloche\/wp-json\/wp\/v2\/product\/77","targetHints":{"allow":["GET"]}}],"collection":[{"href":"http:\/\/exesscalefaccion.com.ar\/bariloche\/wp-json\/wp\/v2\/product"}],"about":[{"href":"http:\/\/exesscalefaccion.com.ar\/bariloche\/wp-json\/wp\/v2\/types\/product"}],"wp:featuredmedia":[{"embeddable":true,"href":"http:\/\/exesscalefaccion.com.ar\/bariloche\/wp-json\/wp\/v2\/media\/82"}],"wp:attachment":[{"href":"http:\/\/exesscalefaccion.com.ar\/bariloche\/wp-json\/wp\/v2\/media?parent=77"}],"wp:term":[{"taxonomy":"product_cat","embeddable":true,"href":"http:\/\/exesscalefaccion.com.ar\/bariloche\/wp-json\/wp\/v2\/product_cat?post=77"},{"taxonomy":"product_tag","embeddable":true,"href":"http:\/\/exesscalefaccion.com.ar\/bariloche\/wp-json\/wp\/v2\/product_tag?post=77"}],"curies":[{"name":"wp","href":"https:\/\/api.w.org\/{rel}","templated":true}]}}