{"id":137,"date":"2020-04-14T14:07:43","date_gmt":"2020-04-14T14:07:43","guid":{"rendered":"http:\/\/exesscalefaccion.com.ar\/bariloche\/?post_type=product&#038;p=137"},"modified":"2020-04-14T14:07:43","modified_gmt":"2020-04-14T14:07:43","slug":"toallero-kanah-blanco-800x500-para-calefaccion-por-agua","status":"publish","type":"product","link":"http:\/\/exesscalefaccion.com.ar\/bariloche\/producto\/toallero-kanah-blanco-800x500-para-calefaccion-por-agua\/","title":{"rendered":"Toallero Kanah Blanco 800&#215;500  Para Calefacci\u00f3n por Agua"},"content":{"rendered":"<?xml encoding=\"utf8\" ?><p>&#8211; Toallero de Acero<br \/>\n&#8211; Color\/Acabado: Blanco<br \/>\n&#8211; Soportes de pared, purgador, tap\u00f3n y tornillos<br \/>\n&#8211; Emisi\u00f3n T\u00e9rmica: T=50\u00baC 358 W<\/p>\n<p>MEDIDAS:<br \/>\n&#8211; Alto: 800 mm<br \/>\n&#8211; Ancho: 500 mm<\/p>\n<p>-Entre Centros: 450mm<\/p>\n<p>&#8211; Tubo: 15 mm<br \/>\n&#8211; Peso: 7,18 kg<\/p>\n","protected":false},"excerpt":{"rendered":"<p>&#8211; Toallero de Acero &#8211; Color\/Acabado: Blanco &#8211; Soportes de pared, purgador, tap\u00f3n y tornillos &#8211; Emisi\u00f3n T\u00e9rmica: T=50\u00baC 358 W MEDIDAS: &#8211; Alto: 800 mm &#8211; Ancho: 500 mm -Entre Centros: 450mm &#8211; Tubo: 15 mm &#8211; Peso: 7,18 kg<\/p>\n","protected":false},"featured_media":138,"template":"","meta":[],"product_cat":[18],"product_tag":[34,37],"class_list":{"0":"post-137","1":"product","2":"type-product","3":"status-publish","4":"has-post-thumbnail","6":"product_cat-radiadores","7":"product_tag-calefaccion","8":"product_tag-toallero","9":"description-off","11":"first","12":"instock","13":"shipping-taxable","14":"purchasable","15":"product-type-simple"},"_links":{"self":[{"href":"http:\/\/exesscalefaccion.com.ar\/bariloche\/wp-json\/wp\/v2\/product\/137","targetHints":{"allow":["GET"]}}],"collection":[{"href":"http:\/\/exesscalefaccion.com.ar\/bariloche\/wp-json\/wp\/v2\/product"}],"about":[{"href":"http:\/\/exesscalefaccion.com.ar\/bariloche\/wp-json\/wp\/v2\/types\/product"}],"wp:featuredmedia":[{"embeddable":true,"href":"http:\/\/exesscalefaccion.com.ar\/bariloche\/wp-json\/wp\/v2\/media\/138"}],"wp:attachment":[{"href":"http:\/\/exesscalefaccion.com.ar\/bariloche\/wp-json\/wp\/v2\/media?parent=137"}],"wp:term":[{"taxonomy":"product_cat","embeddable":true,"href":"http:\/\/exesscalefaccion.com.ar\/bariloche\/wp-json\/wp\/v2\/product_cat?post=137"},{"taxonomy":"product_tag","embeddable":true,"href":"http:\/\/exesscalefaccion.com.ar\/bariloche\/wp-json\/wp\/v2\/product_tag?post=137"}],"curies":[{"name":"wp","href":"https:\/\/api.w.org\/{rel}","templated":true}]}}