{"id":130,"date":"2020-04-04T01:45:22","date_gmt":"2020-04-04T01:45:22","guid":{"rendered":"http:\/\/exesscalefaccion.com.ar\/bariloche\/?post_type=product&#038;p=130"},"modified":"2020-04-04T01:45:23","modified_gmt":"2020-04-04T01:45:23","slug":"radiador-kanah-mod-500-x-7-elementos-aluminio-inyectado","status":"publish","type":"product","link":"http:\/\/exesscalefaccion.com.ar\/bariloche\/producto\/radiador-kanah-mod-500-x-7-elementos-aluminio-inyectado\/","title":{"rendered":"Radiador Kanah Mod 500 x 7 Elementos. Aluminio Inyectado"},"content":{"rendered":"<?xml encoding=\"utf8\" ?><p>Radiador de aluminio inyectado dise\u00f1o de origen italiano. Tienen una est\u00e9tica agradable y moderna, adaptable a todos los ambientes.<\/p>\n<p>Recomendado para calefacci\u00f3n de viviendas unifamiliares, comercios y departamentos debido a su alto nivel de confort y seguridad. Brinda calefacci\u00f3n de forma r\u00e1pida y pareja por su baja inercia, permitiendo ahorrar energ\u00eda.<\/p>\n<p>Marca: LatynClima<br \/>\nModelo: Kanah 500<\/p>\n<p>Caracter\u00edsticas<br \/>\n&#8211; Radiador de aleaci\u00f3n de aluminio<br \/>\n&#8211; Elevado rendimiento t\u00e9rmico<br \/>\n&#8211; Baja inercia t\u00e9rmica<br \/>\n&#8211; Dise\u00f1o eficiente<br \/>\n&#8211; El aire templado es dirigido hacia el frente<br \/>\n&#8211; Facilidad de regulaci\u00f3n y control<br \/>\n&#8211; Ahorro energ\u00e9tico<br \/>\n&#8211; Cuerpo s\u00f3lido de aleaci\u00f3n de aluminio con tratamiento anti corrosivo<\/p>\n<p>Especificaciones<br \/>\n&#8211; Altura total 570 mm<br \/>\n&#8211; Altura entre centros 500 mm<br \/>\n&#8211; Frente 80 mm<br \/>\n&#8211; Profundidad 80 mm<\/p>\n<p>DISE\u00d1O EFICIENTE<br \/>\nEl dise\u00f1o de aletas centrales en contacto con el n\u00facleo, permite el m\u00e1ximo rendimiento de la superficie radiante generando una eficiente entrega t\u00e9rmica y un \u00f3ptimo intercambio por convecci\u00f3n.<\/p>\n<p>CUERPO S\u00d3LIDO DE ALEACI\u00d3N DE ALUMINIO<br \/>\nLos radiadores LatynClima est\u00e1n construidos en aleaci\u00f3n de aluminio ADC 12, con un exclusivo proceso anticorrosivo Al2O3 y SiO2 y utilizando tecnolog\u00eda de inyecci\u00f3n conformada en una \u00fanica pieza sin uniones que garantizan la estanquidad con<br \/>\ntapa el\u00e9ctricamente soldada.<br \/>\nPrevio al pintado del radiador, \u00e9ste es sometido a un proceso de electroforesis que le confiere una propiedad anticorrosiva.<br \/>\nEl pintado a base de resina epoxidica se realiza mediante un proceso electroest\u00e1tico autom\u00e1tico y cocido a alta temperatura.<\/p>\n<p>Excelente Relaci\u00f3n Peso &#8211; Potencia<\/p>\n<p>Garant\u00eda 10 a\u00f1os<\/p>\n","protected":false},"excerpt":{"rendered":"<p>Radiador de aluminio inyectado dise\u00f1o de origen italiano. Tienen una est\u00e9tica agradable y moderna, adaptable a todos los ambientes. Recomendado para calefacci\u00f3n de viviendas unifamiliares, comercios y departamentos debido a su alto nivel de confort y seguridad. Brinda calefacci\u00f3n de forma r\u00e1pida y pareja por su baja inercia, permitiendo ahorrar energ\u00eda. Marca: LatynClima Modelo: Kanah&hellip;<\/p>\n","protected":false},"featured_media":121,"template":"","meta":[],"product_cat":[18],"product_tag":[33,34,32,35],"class_list":{"0":"post-130","1":"product","2":"type-product","3":"status-publish","4":"has-post-thumbnail","6":"product_cat-radiadores","7":"product_tag-caldera","8":"product_tag-calefaccion","9":"product_tag-radiador","10":"product_tag-radiadores","11":"description-off","13":"first","14":"instock","15":"shipping-taxable","16":"purchasable","17":"product-type-simple"},"_links":{"self":[{"href":"http:\/\/exesscalefaccion.com.ar\/bariloche\/wp-json\/wp\/v2\/product\/130","targetHints":{"allow":["GET"]}}],"collection":[{"href":"http:\/\/exesscalefaccion.com.ar\/bariloche\/wp-json\/wp\/v2\/product"}],"about":[{"href":"http:\/\/exesscalefaccion.com.ar\/bariloche\/wp-json\/wp\/v2\/types\/product"}],"wp:featuredmedia":[{"embeddable":true,"href":"http:\/\/exesscalefaccion.com.ar\/bariloche\/wp-json\/wp\/v2\/media\/121"}],"wp:attachment":[{"href":"http:\/\/exesscalefaccion.com.ar\/bariloche\/wp-json\/wp\/v2\/media?parent=130"}],"wp:term":[{"taxonomy":"product_cat","embeddable":true,"href":"http:\/\/exesscalefaccion.com.ar\/bariloche\/wp-json\/wp\/v2\/product_cat?post=130"},{"taxonomy":"product_tag","embeddable":true,"href":"http:\/\/exesscalefaccion.com.ar\/bariloche\/wp-json\/wp\/v2\/product_tag?post=130"}],"curies":[{"name":"wp","href":"https:\/\/api.w.org\/{rel}","templated":true}]}}