{"id":7,"date":"2019-04-03T18:50:11","date_gmt":"2019-04-03T18:50:11","guid":{"rendered":"https:\/\/c1520456.ferozo.com\/bariloche\/?page_id=7"},"modified":"2019-08-28T19:25:54","modified_gmt":"2019-08-28T19:25:54","slug":"la-empresa","status":"publish","type":"page","link":"http:\/\/exesscalefaccion.com.ar\/bariloche\/la-empresa\/","title":{"rendered":"La Empresa"},"content":{"rendered":"<?xml encoding=\"utf8\" ?><p>[vc_row][vc_column width=\u00bb1\/2&#8243;][vc_empty_space height=\u00bb12px\u00bb][vc_column_text]Somos una empresa que se dedica a proyectos, venta e instalaci\u00f3n de: calefacci\u00f3n, extracci\u00f3n y ventilaci\u00f3n, aire acondicionado. Mantenimiento y garant\u00eda de los mismos.<\/p>\n<p>Tenemos como misi\u00f3n de empresa llevar los mejores productos con proyectos e instalaciones que est\u00e9n realizados con las mas modernas t\u00e9cnicas de ingenier\u00eda, dando mantenimiento y garant\u00eda.<\/p>\n<p>Cuidamos del medio ambiente y ofrecemos productos con los menores consumos de energ\u00eda posibles cumpliendo con los plazos de entrega de trabajos comprometidos.<\/p>\n<p>Estamos ubicados en la zona industrial de San Carlos de Bariloche, de f\u00e1cil acceso y con estacionamiento disponible.[\/vc_column_text][vc_empty_space height=\u00bb12px\u00bb][\/vc_column][vc_column width=\u00bb1\/2&#8243;][vc_raw_html]JTNDZGl2JTIwaWQlM0QlMjJmYi1yb290JTIyJTNFJTNDJTJGZGl2JTNFJTBBJTNDc2NyaXB0JTIwYXN5bmMlMjBkZWZlciUyMGNyb3Nzb3JpZ2luJTNEJTIyYW5vbnltb3VzJTIyJTIwc3JjJTNEJTIyaHR0cHMlM0ElMkYlMkZjb25uZWN0LmZhY2Vib29rLm5ldCUyRmVzX0xBJTJGc2RrLmpzJTIzeGZibWwlM0QxJTI2dmVyc2lvbiUzRHY0LjAlMjZhcHBJZCUzRDE2NzI4NzMyNzI5OTAzMjElMjZhdXRvTG9nQXBwRXZlbnRzJTNEMSUyMiUzRSUzQyUyRnNjcmlwdCUzRSUwQSUwQSUzQ2RpdiUyMGNsYXNzJTNEJTIyZmItdmlkZW8lMjIlMjBkYXRhLWhyZWYlM0QlMjJodHRwcyUzQSUyRiUyRnd3dy5mYWNlYm9vay5jb20lMkZsb25kb24uZGMlMkZ2aWRlb3MlMkYxOTY1NzM1NzcwMzYzOTE1JTJGJTIyJTIwZGF0YS13aWR0aCUzRCUyMjUwMCUyMiUyMGRhdGEtc2hvdy10ZXh0JTNEJTIyZmFsc2UlMjIlM0UlM0MlMkZkaXYlM0U=[\/vc_raw_html][\/vc_column][\/vc_row][vc_row full_width=\u00bbtrue\u00bb type=\u00bb3&#8243;][vc_column][vc_column_text css=\u00bb.vc_custom_1567019246245{padding-top: 50px !important;padding-bottom: 50px !important;}\u00bb]<\/p>\n<h3 style=\"text-align: center;\"><strong>En Bariloche, sabemos de calefacci\u00f3n.<\/strong><\/h3>\n<p>[\/vc_column_text][\/vc_column][\/vc_row][vc_row equal_height=\u00bbyes\u00bb content_placement=\u00bbmiddle\u00bb][vc_column width=\u00bb1\/4&#8243;][\/vc_column][vc_column width=\u00bb2\/4&#8243;][vc_empty_space][vc_column_text]<\/p>\n<p style=\"text-align: center;\">Por nuestra ubicaci\u00f3n en la ciudad de Bariloche, conocemos de primera mano las inclemencias del clima y c\u00f3mo combatirlas, adem\u00e1s contamos con personal especializado y amplia trayectoria en el rubro de climatizaci\u00f3n artificial. Podemos asesorarlo y recomendarle el equipo espec\u00edfico para su proyecto.<\/p>\n<p>[\/vc_column_text][vc_empty_space][vc_row_inner equal_height=\u00bbyes\u00bb content_placement=\u00bbmiddle\u00bb gap=\u00bb5&#8243;][vc_column_inner width=\u00bb1\/3&#8243;][vc_single_image image=\u00bb56&#8243; img_size=\u00bbfull\u00bb alignment=\u00bbcenter\u00bb][\/vc_column_inner][vc_column_inner width=\u00bb1\/3&#8243;][vc_single_image image=\u00bb57&#8243; img_size=\u00bbfull\u00bb alignment=\u00bbcenter\u00bb][\/vc_column_inner][vc_column_inner width=\u00bb1\/3&#8243;][vc_single_image image=\u00bb55&#8243; img_size=\u00bbfull\u00bb alignment=\u00bbcenter\u00bb][\/vc_column_inner][\/vc_row_inner][vc_empty_space height=\u00bb12px\u00bb][\/vc_column][vc_column width=\u00bb1\/4&#8243;][\/vc_column][\/vc_row][vc_row full_width=\u00bbtrue\u00bb content_placement=\u00bbmiddle\u00bb margin_top=\u00bb50px\u00bb margin_bottom=\u00bb50px\u00bb][vc_column]\n            <div \n                class=\"elfsight-widget-instagram-feed elfsight-widget\" \n                data-elfsight-instagram-feed-options=\"%7B%22source%22%3A%5B%22%40exess.calefaccion%22%5D%2C%22filterOnly%22%3A%5B%5D%2C%22filterExcept%22%3A%5B%5D%2C%22limit%22%3A%22%22%2C%22order%22%3A%22date%22%2C%22layout%22%3A%22slider%22%2C%22postTemplate%22%3A%22tile%22%2C%22columns%22%3A5%2C%22rows%22%3A1%2C%22gutter%22%3A22%2C%22responsive%22%3A%5B%7B%22minWidth%22%3A375%2C%22columns%22%3A1%2C%22rows%22%3A1%2C%22gutter%22%3A%220%22%7D%2C%7B%22minWidth%22%3A768%2C%22columns%22%3A3%2C%22rows%22%3A2%2C%22gutter%22%3A%220%22%7D%5D%2C%22width%22%3A%22auto%22%2C%22callToActionButtons%22%3A%5B%7B%22postUrl%22%3A%22https%3A%5C%2F%5C%2Fwww.instagram.com%5C%2Fp%5C%2FBcknqVZHtD3%5C%2F%22%2C%22buttonLabel%22%3A%22Install%20Instagram%20Feed%20now%22%2C%22buttonLink%22%3A%22https%3A%5C%2F%5C%2Felfsight.com%5C%2Finstagram-feed-instashow%5C%2F%22%7D%2C%7B%22postUrl%22%3A%22https%3A%5C%2F%5C%2Fwww.instagram.com%5C%2Fp%5C%2FBbSBRarnOik%5C%2F%22%2C%22buttonLabel%22%3A%22Install%20Instagram%20Feed%20now%22%2C%22buttonLink%22%3A%22https%3A%5C%2F%5C%2Felfsight.com%5C%2Finstagram-feed-instashow%5C%2F%22%7D%2C%7B%22postUrl%22%3A%22https%3A%5C%2F%5C%2Fwww.instagram.com%5C%2Fp%5C%2FBa9NwWLHaEx%5C%2F%22%2C%22buttonLabel%22%3A%22Install%20Instagram%20Feed%20now%22%2C%22buttonLink%22%3A%22https%3A%5C%2F%5C%2Felfsight.com%5C%2Finstagram-feed-instashow%5C%2F%22%7D%5D%2C%22postElements%22%3A%5B%22user%22%2C%22instagramLink%22%2C%22likesCount%22%2C%22commentsCount%22%2C%22share%22%2C%22text%22%5D%2C%22popupElements%22%3A%5B%22user%22%2C%22location%22%2C%22followButton%22%2C%22instagramLink%22%2C%22likesCount%22%2C%22share%22%2C%22text%22%2C%22comments%22%5D%2C%22imageClickAction%22%3A%22instagram%22%2C%22sliderArrows%22%3Atrue%2C%22sliderDrag%22%3Atrue%2C%22sliderSpeed%22%3A0.6%2C%22sliderAutoplay%22%3A%22%22%2C%22colorScheme%22%3A%22sky%22%2C%22colorPostOverlayBg%22%3A%22rgba%2833%2C%20150%2C%20243%2C%200.9%29%22%2C%22colorPostOverlayText%22%3A%22rgb%28255%2C%20255%2C%20255%29%22%2C%22colorPostBg%22%3A%22rgb%2833%2C%20150%2C%20243%29%22%2C%22colorPostText%22%3A%22rgb%28255%2C%20255%2C%20255%29%22%2C%22colorPostLinks%22%3A%22rgb%28255%2C%20255%2C%20255%29%22%2C%22colorSliderArrows%22%3A%22rgb%280%2C%20142%2C%20255%29%22%2C%22colorSliderArrowsBg%22%3A%22rgba%28255%2C%20255%2C%20255%2C%200.9%29%22%2C%22colorGridLoadMoreButton%22%3A%22%22%2C%22colorPopupOverlay%22%3A%22rgba%2843%2C%2043%2C%2043%2C%200.9%29%22%2C%22colorPopupBg%22%3A%22rgb%28255%2C%20255%2C%20255%29%22%2C%22colorPopupText%22%3A%22rgb%280%2C%200%2C%200%29%22%2C%22colorPopupLinks%22%3A%22rgb%280%2C%20142%2C%20255%29%22%2C%22colorPopupFollowButton%22%3A%22rgb%280%2C%20142%2C%20255%29%22%2C%22colorPopupCtaButton%22%3A%22rgb%280%2C%20142%2C%20255%29%22%2C%22widgetTitle%22%3A%22%22%2C%22lang%22%3A%22es%22%2C%22apiUrl%22%3A%22https%3A%5C%2F%5C%2Fexesscalefaccion.com.ar%5C%2Fbariloche%5C%2Fwp-admin%5C%2Fadmin-ajax.php%22%2C%22apiAction%22%3A%22elfsight_instagram_feed_api%22%2C%22widgetId%22%3A%221%22%7D\" \n                data-elfsight-instagram-feed-version=\"3.8.4\"\n                data-elfsight-widget-id=\"elfsight-instagram-feed-1\">\n            <\/div>\n            [\/vc_column][\/vc_row]<\/p>\n","protected":false},"excerpt":{"rendered":"<p>[vc_row][vc_column width=\u00bb1\/2&#8243;][vc_empty_space height=\u00bb12px\u00bb][vc_column_text]Somos una empresa que se dedica a proyectos, venta e instalaci\u00f3n de: calefacci\u00f3n, extracci\u00f3n y ventilaci\u00f3n, aire acondicionado. Mantenimiento y garant\u00eda de los mismos. Tenemos como misi\u00f3n de empresa llevar los mejores productos con proyectos e instalaciones que est\u00e9n realizados con las mas modernas t\u00e9cnicas de ingenier\u00eda, dando mantenimiento y garant\u00eda. Cuidamos del&hellip;<\/p>\n","protected":false},"author":2,"featured_media":0,"parent":0,"menu_order":0,"comment_status":"closed","ping_status":"closed","template":"","meta":{"footnotes":""},"class_list":["post-7","page","type-page","status-publish","hentry","description-off"],"_links":{"self":[{"href":"http:\/\/exesscalefaccion.com.ar\/bariloche\/wp-json\/wp\/v2\/pages\/7","targetHints":{"allow":["GET"]}}],"collection":[{"href":"http:\/\/exesscalefaccion.com.ar\/bariloche\/wp-json\/wp\/v2\/pages"}],"about":[{"href":"http:\/\/exesscalefaccion.com.ar\/bariloche\/wp-json\/wp\/v2\/types\/page"}],"author":[{"embeddable":true,"href":"http:\/\/exesscalefaccion.com.ar\/bariloche\/wp-json\/wp\/v2\/users\/2"}],"replies":[{"embeddable":true,"href":"http:\/\/exesscalefaccion.com.ar\/bariloche\/wp-json\/wp\/v2\/comments?post=7"}],"version-history":[{"count":17,"href":"http:\/\/exesscalefaccion.com.ar\/bariloche\/wp-json\/wp\/v2\/pages\/7\/revisions"}],"predecessor-version":[{"id":76,"href":"http:\/\/exesscalefaccion.com.ar\/bariloche\/wp-json\/wp\/v2\/pages\/7\/revisions\/76"}],"wp:attachment":[{"href":"http:\/\/exesscalefaccion.com.ar\/bariloche\/wp-json\/wp\/v2\/media?parent=7"}],"curies":[{"name":"wp","href":"https:\/\/api.w.org\/{rel}","templated":true}]}}